{"id":1585,"date":"2016-06-15T11:45:42","date_gmt":"2016-06-15T10:45:42","guid":{"rendered":"http:\/\/pasdatest.ionsystems.uk\/?page_id=1585"},"modified":"2016-06-15T11:45:42","modified_gmt":"2016-06-15T10:45:42","slug":"much-more-than-just-a-cup-of-coffee-cath-purdie","status":"publish","type":"page","link":"https:\/\/www.pasda.org.uk\/index.php\/blog\/much-more-than-just-a-cup-of-coffee-cath-purdie\/","title":{"rendered":"Much more than just a cup of coffee&#8230;.."},"content":{"rendered":"<p>Hello, my name is Cath, Mum to Martin, Sister to Dave and meal ticket to my three cats! I have been asked to do a blog on an aspect of work that the Pasda Committee does, so I thought I would write about Our Weekend Coffee Mornings that I co-facilitate with fellow committee member Marion.<\/p>\n<p>Our original Friday Coffee Mornings have been going for a number of years and are well established. They are well attended and we have a bunch of regulars that enjoy getting together with their peers for support and encouragement\u00d4\u00c7\u00aa.the treats that Danni and Graeme bring along go down rather too well mind you.<\/p>\n<p>Anyway, some Carers approached me to say that because of their caring role or because of work commitments they weren&#8217;t able to attend on Fridays. So, it was decided we, the Committee , would have a second Weekend Coffee Morning, run by a couple of Committee Members. Refreshments courtesy of Pasda.<\/p>\n<p>As with the Friday event , it more or less runs itself. We have a few regulars, who have told me it is a lifeline for them, a place where they can escape the rigours of caring for a couple of hours.<\/p>\n<p>We don&#8217;t always talk about Autism or Caring. Other subjects get an airing too\u00d4\u00c7\u00aa.although invariably the conversation does turn to our family member.<\/p>\n<p>Being a Carer, affects us all in different ways, sometimes you don&#8217;t have a choice in the matter and you just have to muddle through picking up tips as you go along.<\/p>\n<p>Caring can be isolating, challenging and exhausting and it&#8217;s imperative you take time out and recharge your batteries.<\/p>\n<p>I feel that just sharing your experiences, the challenges you have as a Carer and giving yourself a break is a type of therapy. It&#8217;s simple and effective. Someone once said to me, \u00d4\u00c7\u00a3You can&#8217;t drink from a broken cup\u00d4\u00c7\u00d8 and that resonated with me.<\/p>\n<p>Having the opportunity to meet other Carers who are in a similar position to you is a real boon, you don&#8217;t have to explain yourself,they just &#8216;get it&#8217;.<\/p>\n<p>Usually we run over our allotted time, because we are having such a good time.<\/p>\n<p>However, when I am on the bus home again, I can&#8217;t recall all the conversations we have had but I don&#8217;t forget the way I feel &#8211; I feel contentment.<\/p>\n<p>I&#8217;d like to think that after an hour or two in the company of other Carers , you feel suitably refreshed to continue in your caring role.<\/p>\n<p>A cup of something shared with a friend is indeed time well spent.<\/p>\n<p>Cath Purdie<\/p>\n","protected":false},"excerpt":{"rendered":"<p>Hello, my name is Cath, Mum to Martin, Sister to Dave and meal ticket to my three cats! I have been asked to do a blog on an aspect of [&hellip;]<\/p>\n","protected":false},"author":1,"featured_media":0,"parent":952,"menu_order":0,"comment_status":"closed","ping_status":"closed","template":"","meta":{"_bbp_topic_count":0,"_bbp_reply_count":0,"_bbp_total_topic_count":0,"_bbp_total_reply_count":0,"_bbp_voice_count":0,"_bbp_anonymous_reply_count":0,"_bbp_topic_count_hidden":0,"_bbp_reply_count_hidden":0,"_bbp_forum_subforum_count":0,"footnotes":""},"class_list":["post-1585","page","type-page","status-publish","hentry"],"_links":{"self":[{"href":"https:\/\/www.pasda.org.uk\/index.php\/wp-json\/wp\/v2\/pages\/1585","targetHints":{"allow":["GET"]}}],"collection":[{"href":"https:\/\/www.pasda.org.uk\/index.php\/wp-json\/wp\/v2\/pages"}],"about":[{"href":"https:\/\/www.pasda.org.uk\/index.php\/wp-json\/wp\/v2\/types\/page"}],"author":[{"embeddable":true,"href":"https:\/\/www.pasda.org.uk\/index.php\/wp-json\/wp\/v2\/users\/1"}],"replies":[{"embeddable":true,"href":"https:\/\/www.pasda.org.uk\/index.php\/wp-json\/wp\/v2\/comments?post=1585"}],"version-history":[{"count":0,"href":"https:\/\/www.pasda.org.uk\/index.php\/wp-json\/wp\/v2\/pages\/1585\/revisions"}],"up":[{"embeddable":true,"href":"https:\/\/www.pasda.org.uk\/index.php\/wp-json\/wp\/v2\/pages\/952"}],"wp:attachment":[{"href":"https:\/\/www.pasda.org.uk\/index.php\/wp-json\/wp\/v2\/media?parent=1585"}],"curies":[{"name":"wp","href":"https:\/\/api.w.org\/{rel}","templated":true}]}}